{"id":3611,"date":"2023-12-14T23:40:34","date_gmt":"2023-12-14T23:40:34","guid":{"rendered":"https:\/\/arhainteriors.ee\/?post_type=product&#038;p=3611"},"modified":"2024-01-31T17:29:13","modified_gmt":"2024-01-31T17:29:13","slug":"cord-dj-console-1-kapp","status":"publish","type":"product","link":"https:\/\/arhainteriors.ee\/en\/toode\/cord-dj-console-1-kapp\/","title":{"rendered":"Cord DJ Console &#8211; 1 kapp"},"content":{"rendered":"","protected":false},"excerpt":{"rendered":"<p id=\"tw-target-text\" class=\"tw-data-text tw-text-large tw-ta\" dir=\"ltr\" data-placeholder=\"T\u00f5lge\" data-ved=\"2ahUKEwj4oqWC_I-DAxVPr6QKHahZCIkQ3ewLegQIBRAQ\"><span class=\"Y2IQFc\" lang=\"et\">cORD<\/span><\/p>\n<p class=\"tw-data-text tw-text-large tw-ta\" dir=\"ltr\" data-placeholder=\"T\u00f5lge\" data-ved=\"2ahUKEwj4oqWC_I-DAxVPr6QKHahZCIkQ3ewLegQIBRAQ\"><span class=\"Y2IQFc\" lang=\"et\">\u00dchendades j\u00f5ud Pioneer DJ-ga, maailma juhtiva professionaalsete DJ-seadmete kaubam\u00e4rgiga, oleme loonud eksklusiivse kollektsiooni, mis h\u00e4gustab piirid elava klubimaastiku ja kodu rahustava \u00f5hkkonna vahel. Cord DJ-puldid on valmistatud t\u00e4istammest, mida t\u00e4iendab paberjuhtme esiosa, mis loob loomuliku ja \u00f5hulise ilme, mis laseb muusikal veatult l\u00e4bi voolata. Loodud loovuse vabastamiseks ja muusikas\u00f5prade inspireerimiseks k\u00f5ikjal. Loodud sobima CDJ\/DJM 3000 ja 2000 seeriatega koos uue revolutsioonilise Opus Quad DJ-seadmega. Kapiriiulid on disainitud sobima nii Pioneer DJ VM-50 kui ka VM-70 aktiivstuudio k\u00f5laritega. <\/span><\/p>\n<ul>\n<li class=\"tw-data-text tw-text-large tw-ta\" dir=\"ltr\" data-placeholder=\"T\u00f5lge\" data-ved=\"2ahUKEwj4oqWC_I-DAxVPr6QKHahZCIkQ3ewLegQIBRAQ\"><span class=\"Y2IQFc\" lang=\"et\">Loominguline koost\u00f6\u00f6 Pioneer DJ-ga <\/span><\/li>\n<li class=\"tw-data-text tw-text-large tw-ta\" dir=\"ltr\" data-placeholder=\"T\u00f5lge\" data-ved=\"2ahUKEwj4oqWC_I-DAxVPr6QKHahZCIkQ3ewLegQIBRAQ\"><span class=\"Y2IQFc\" lang=\"et\">Disain, et tuua elav klubimaastik kodu rahustavasse \u00f5hkkonda <\/span><\/li>\n<li class=\"tw-data-text tw-text-large tw-ta\" dir=\"ltr\" data-placeholder=\"T\u00f5lge\" data-ved=\"2ahUKEwj4oqWC_I-DAxVPr6QKHahZCIkQ3ewLegQIBRAQ\"><span class=\"Y2IQFc\" lang=\"et\">Cord DJ-kapid on valmistatud t\u00e4istammest ja paberjuhtme esiosa laseb muusikal voolata<\/span><\/li>\n<\/ul>\n","protected":false},"featured_media":3612,"template":"","meta":{"_gspb_post_css":""},"product_brand":[265],"product_cat":[178],"product_tag":[],"class_list":{"0":"post-3611","1":"product","2":"type-product","3":"status-publish","4":"has-post-thumbnail","6":"product_brand-bolia","7":"product_cat-hoiustamine","9":"first","10":"instock","11":"taxable","12":"shipping-taxable","13":"purchasable","14":"product-type-simple"},"ct_brands":[{"id":265,"name":"Bolia","slug":"bolia"}],"_links":{"self":[{"href":"https:\/\/arhainteriors.ee\/en\/wp-json\/wp\/v2\/product\/3611","targetHints":{"allow":["GET"]}}],"collection":[{"href":"https:\/\/arhainteriors.ee\/en\/wp-json\/wp\/v2\/product"}],"about":[{"href":"https:\/\/arhainteriors.ee\/en\/wp-json\/wp\/v2\/types\/product"}],"wp:featuredmedia":[{"embeddable":true,"href":"https:\/\/arhainteriors.ee\/en\/wp-json\/wp\/v2\/media\/3612"}],"wp:attachment":[{"href":"https:\/\/arhainteriors.ee\/en\/wp-json\/wp\/v2\/media?parent=3611"}],"wp:term":[{"taxonomy":"product_brand","embeddable":true,"href":"https:\/\/arhainteriors.ee\/en\/wp-json\/wp\/v2\/product_brand?post=3611"},{"taxonomy":"product_cat","embeddable":true,"href":"https:\/\/arhainteriors.ee\/en\/wp-json\/wp\/v2\/product_cat?post=3611"},{"taxonomy":"product_tag","embeddable":true,"href":"https:\/\/arhainteriors.ee\/en\/wp-json\/wp\/v2\/product_tag?post=3611"}],"curies":[{"name":"wp","href":"https:\/\/api.w.org\/{rel}","templated":true}]}}