{"id":3582,"date":"2023-12-14T22:37:16","date_gmt":"2023-12-14T22:37:16","guid":{"rendered":"https:\/\/arhainteriors.ee\/?post_type=product&#038;p=3582"},"modified":"2024-01-31T17:29:14","modified_gmt":"2024-01-31T17:29:14","slug":"zen-vaip-140-x-145-cm","status":"publish","type":"product","link":"https:\/\/arhainteriors.ee\/en\/toode\/zen-vaip-140-x-145-cm\/","title":{"rendered":"Zen Vaip 140 x 145 cm"},"content":{"rendered":"","protected":false},"excerpt":{"rendered":"<p id=\"tw-target-text\" class=\"tw-data-text tw-text-large tw-ta\" dir=\"ltr\" data-placeholder=\"T\u00f5lge\" data-ved=\"2ahUKEwj4oqWC_I-DAxVPr6QKHahZCIkQ3ewLegQIBRAQ\"><span class=\"Y2IQFc\" lang=\"et\">Zen <\/span><\/p>\n<p class=\"tw-data-text tw-text-large tw-ta\" dir=\"ltr\" data-placeholder=\"T\u00f5lge\" data-ved=\"2ahUKEwj4oqWC_I-DAxVPr6QKHahZCIkQ3ewLegQIBRAQ\"><span class=\"Y2IQFc\" lang=\"et\">Zen on ilus erilise disainikeelega vaibade sari. Zeni taga seisev Emily Broom v\u00f5itis 2020. aastal Zeni vaipadega Bolia disainiauhinnad. Tema disaini inspiratsiooniks oli igap\u00e4evaelu ja vajadus muuta oma kodu v\u00e4ikeseks p\u00fchamuks. Seet\u00f5ttu on vaibad inspireeritud Jaapani &#8220;Zen&#8221; aedadest, mis, nagu s\u00f5na viitab, kutsuvad teid sukelduma ja l\u00f5\u00f5gastuma ning ainulaadsesse heaolutunnet ja &#8220;zeni&#8221;. Ja just see on Zen-vaipade lihtsa kuju, j\u00e4tkusuutlike materjalide ja hea kvaliteediga eesm\u00e4rk \u2013 tuua teie sisekujundusse loomulik, maal\u00e4hedane vundament. Vaibad on saadaval ka kolmes erinevas suuruses ja disainis, mis k\u00f5ik on lihtsa ja rahuliku esteetikaga. <\/span><\/p>\n<ul>\n<li class=\"tw-data-text tw-text-large tw-ta\" dir=\"ltr\" data-placeholder=\"T\u00f5lge\" data-ved=\"2ahUKEwj4oqWC_I-DAxVPr6QKHahZCIkQ3ewLegQIBRAQ\"><span class=\"Y2IQFc\" lang=\"et\">Inspireeritud Zen aedadest <\/span><\/li>\n<li class=\"tw-data-text tw-text-large tw-ta\" dir=\"ltr\" data-placeholder=\"T\u00f5lge\" data-ved=\"2ahUKEwj4oqWC_I-DAxVPr6QKHahZCIkQ3ewLegQIBRAQ\"><span class=\"Y2IQFc\" lang=\"et\">Mitu suurust ja kuju <\/span><\/li>\n<li class=\"tw-data-text tw-text-large tw-ta\" dir=\"ltr\" data-placeholder=\"T\u00f5lge\" data-ved=\"2ahUKEwj4oqWC_I-DAxVPr6QKHahZCIkQ3ewLegQIBRAQ\"><span class=\"Y2IQFc\" lang=\"et\">Bolia disainiauhindade 2020 v\u00f5itja<\/span><\/li>\n<\/ul>\n","protected":false},"featured_media":3583,"template":"","meta":{"_gspb_post_css":""},"product_brand":[265],"product_cat":[177],"product_tag":[],"class_list":{"0":"post-3582","1":"product","2":"type-product","3":"status-publish","4":"has-post-thumbnail","6":"product_brand-bolia","7":"product_cat-vaibad","9":"first","10":"instock","11":"taxable","12":"shipping-taxable","13":"purchasable","14":"product-type-simple"},"ct_brands":[{"id":265,"name":"Bolia","slug":"bolia"}],"_links":{"self":[{"href":"https:\/\/arhainteriors.ee\/en\/wp-json\/wp\/v2\/product\/3582","targetHints":{"allow":["GET"]}}],"collection":[{"href":"https:\/\/arhainteriors.ee\/en\/wp-json\/wp\/v2\/product"}],"about":[{"href":"https:\/\/arhainteriors.ee\/en\/wp-json\/wp\/v2\/types\/product"}],"wp:featuredmedia":[{"embeddable":true,"href":"https:\/\/arhainteriors.ee\/en\/wp-json\/wp\/v2\/media\/3583"}],"wp:attachment":[{"href":"https:\/\/arhainteriors.ee\/en\/wp-json\/wp\/v2\/media?parent=3582"}],"wp:term":[{"taxonomy":"product_brand","embeddable":true,"href":"https:\/\/arhainteriors.ee\/en\/wp-json\/wp\/v2\/product_brand?post=3582"},{"taxonomy":"product_cat","embeddable":true,"href":"https:\/\/arhainteriors.ee\/en\/wp-json\/wp\/v2\/product_cat?post=3582"},{"taxonomy":"product_tag","embeddable":true,"href":"https:\/\/arhainteriors.ee\/en\/wp-json\/wp\/v2\/product_tag?post=3582"}],"curies":[{"name":"wp","href":"https:\/\/api.w.org\/{rel}","templated":true}]}}