{"id":3556,"date":"2023-12-14T18:20:31","date_gmt":"2023-12-14T18:20:31","guid":{"rendered":"https:\/\/arhainteriors.ee\/?post_type=product&#038;p=3556"},"modified":"2024-12-12T16:52:15","modified_gmt":"2024-12-12T16:52:15","slug":"elton-diivanilaud","status":"publish","type":"product","link":"https:\/\/arhainteriors.ee\/en\/toode\/elton-diivanilaud\/","title":{"rendered":"Elton Diivanilaud"},"content":{"rendered":"","protected":false},"excerpt":{"rendered":"<p id=\"tw-target-text\" class=\"tw-data-text tw-text-large tw-ta\" dir=\"ltr\" data-placeholder=\"T\u00f5lge\" data-ved=\"2ahUKEwjuxbqEwY-DAxWcgP0HHXffC7YQ3ewLegQIBRAQ\"><span class=\"Y2IQFc\" lang=\"et\">Elton <\/span><\/p>\n<p class=\"tw-data-text tw-text-large tw-ta\" dir=\"ltr\" data-placeholder=\"T\u00f5lge\" data-ved=\"2ahUKEwjuxbqEwY-DAxWcgP0HHXffC7YQ3ewLegQIBRAQ\"><span class=\"Y2IQFc\" lang=\"et\">Eltoni seeriat iseloomustavad k\u00e4sitsi valmistatud FSC\u00ae-sertifikaadiga tammepuidust raami puhtad jooned, mis v\u00f5imaldavad igal meisterdatud detailil silma paista. Loodud kestma p\u00f5lvkondi, k\u00f5ik komponendid on vahetatavad. <\/span><\/p>\n<ul>\n<li class=\"tw-data-text tw-text-large tw-ta\" dir=\"ltr\" data-placeholder=\"T\u00f5lge\" data-ved=\"2ahUKEwjuxbqEwY-DAxWcgP0HHXffC7YQ3ewLegQIBRAQ\"><span class=\"Y2IQFc\" lang=\"et\">Peen, k\u00e4sitsi valmistatud kvaliteet FSC\u00ae sertifikaadiga t\u00e4istammest ja tammespoonist <\/span><\/li>\n<li class=\"tw-data-text tw-text-large tw-ta\" dir=\"ltr\" data-placeholder=\"T\u00f5lge\" data-ved=\"2ahUKEwjuxbqEwY-DAxWcgP0HHXffC7YQ3ewLegQIBRAQ\"><span class=\"Y2IQFc\" lang=\"et\">Loodud kestma \u2013 k\u00f5ik komponendid on vahetatavad ja kulunud osi saab v\u00e4lja vahetada <\/span><\/li>\n<li class=\"tw-data-text tw-text-large tw-ta\" dir=\"ltr\" data-placeholder=\"T\u00f5lge\" data-ved=\"2ahUKEwjuxbqEwY-DAxWcgP0HHXffC7YQ3ewLegQIBRAQ\"><span class=\"Y2IQFc\" lang=\"et\">Tasapinnaline disain, et minimeerida transpordi m\u00f5ju<\/span><\/li>\n<\/ul>\n","protected":false},"featured_media":3559,"template":"","meta":{"_gspb_post_css":""},"product_brand":[265],"product_cat":[174,173],"product_tag":[],"class_list":{"0":"post-3556","1":"product","2":"type-product","3":"status-publish","4":"has-post-thumbnail","6":"product_brand-bolia","7":"product_cat-diivanilauad","8":"product_cat-lauad","10":"first","11":"instock","12":"taxable","13":"shipping-taxable","14":"purchasable","15":"product-type-simple"},"ct_brands":[{"id":265,"name":"Bolia","slug":"bolia"}],"_links":{"self":[{"href":"https:\/\/arhainteriors.ee\/en\/wp-json\/wp\/v2\/product\/3556","targetHints":{"allow":["GET"]}}],"collection":[{"href":"https:\/\/arhainteriors.ee\/en\/wp-json\/wp\/v2\/product"}],"about":[{"href":"https:\/\/arhainteriors.ee\/en\/wp-json\/wp\/v2\/types\/product"}],"wp:featuredmedia":[{"embeddable":true,"href":"https:\/\/arhainteriors.ee\/en\/wp-json\/wp\/v2\/media\/3559"}],"wp:attachment":[{"href":"https:\/\/arhainteriors.ee\/en\/wp-json\/wp\/v2\/media?parent=3556"}],"wp:term":[{"taxonomy":"product_brand","embeddable":true,"href":"https:\/\/arhainteriors.ee\/en\/wp-json\/wp\/v2\/product_brand?post=3556"},{"taxonomy":"product_cat","embeddable":true,"href":"https:\/\/arhainteriors.ee\/en\/wp-json\/wp\/v2\/product_cat?post=3556"},{"taxonomy":"product_tag","embeddable":true,"href":"https:\/\/arhainteriors.ee\/en\/wp-json\/wp\/v2\/product_tag?post=3556"}],"curies":[{"name":"wp","href":"https:\/\/api.w.org\/{rel}","templated":true}]}}