{"id":3551,"date":"2023-12-14T18:11:51","date_gmt":"2023-12-14T18:11:51","guid":{"rendered":"https:\/\/arhainteriors.ee\/?post_type=product&#038;p=3551"},"modified":"2024-01-31T17:29:14","modified_gmt":"2024-01-31T17:29:14","slug":"pillar-diivanilaud","status":"publish","type":"product","link":"https:\/\/arhainteriors.ee\/en\/toode\/pillar-diivanilaud\/","title":{"rendered":"Pillar Diivanilaud"},"content":{"rendered":"","protected":false},"excerpt":{"rendered":"<p id=\"tw-target-text\" class=\"tw-data-text tw-text-large tw-ta\" dir=\"ltr\" data-placeholder=\"T\u00f5lge\" data-ved=\"2ahUKEwjuxbqEwY-DAxWcgP0HHXffC7YQ3ewLegQIBRAQ\"><span class=\"Y2IQFc\" lang=\"et\">Pillar \u00a0<\/span><\/p>\n<p class=\"tw-data-text tw-text-large tw-ta\" dir=\"ltr\" data-placeholder=\"T\u00f5lge\" data-ved=\"2ahUKEwjuxbqEwY-DAxWcgP0HHXffC7YQ3ewLegQIBRAQ\"><span class=\"Y2IQFc\" lang=\"et\">Mitmek\u00fclgne ja lihtne abilaud, mis sulandub igasse interj\u00f6\u00f6ri. Lihtne ja vastupidav disain, millel on keskosast v\u00e4ljas sammas, mis v\u00f5imaldab teil laua diivanile sobitada v\u00f5i kasutada paindliku s\u00fclearvutilauana igas ruumis. Lauaplaat on valmistatud tugevast FSC\u00ae-sertifikaadiga tammepuust, mille kaldserv annab disainile kerge ja kutsuva v\u00e4limuse. Kujundanud Michael H. Nielsen. <\/span><\/p>\n<ul>\n<li class=\"tw-data-text tw-text-large tw-ta\" dir=\"ltr\" data-placeholder=\"T\u00f5lge\" data-ved=\"2ahUKEwjuxbqEwY-DAxWcgP0HHXffC7YQ3ewLegQIBRAQ\"><span class=\"Y2IQFc\" lang=\"et\">Mitmek\u00fclgne abilaud v\u00f5i kuum kirjutuslaud <\/span><\/li>\n<li class=\"tw-data-text tw-text-large tw-ta\" dir=\"ltr\" data-placeholder=\"T\u00f5lge\" data-ved=\"2ahUKEwjuxbqEwY-DAxWcgP0HHXffC7YQ3ewLegQIBRAQ\"><span class=\"Y2IQFc\" lang=\"et\">Kerge ja kutsuv disain <\/span><\/li>\n<li class=\"tw-data-text tw-text-large tw-ta\" dir=\"ltr\" data-placeholder=\"T\u00f5lge\" data-ved=\"2ahUKEwjuxbqEwY-DAxWcgP0HHXffC7YQ3ewLegQIBRAQ\"><span class=\"Y2IQFc\" lang=\"et\">Lauaplaat \u00f5litatud v\u00f5i valgeks \u00f5litatud FSC\u00ae-sertifikaadiga tammest<\/span><\/li>\n<\/ul>\n","protected":false},"featured_media":3552,"template":"","meta":{"_gspb_post_css":""},"product_brand":[265],"product_cat":[174,173],"product_tag":[],"class_list":{"0":"post-3551","1":"product","2":"type-product","3":"status-publish","4":"has-post-thumbnail","6":"product_brand-bolia","7":"product_cat-diivanilauad","8":"product_cat-lauad","10":"first","11":"instock","12":"taxable","13":"shipping-taxable","14":"purchasable","15":"product-type-simple"},"ct_brands":[{"id":265,"name":"Bolia","slug":"bolia"}],"_links":{"self":[{"href":"https:\/\/arhainteriors.ee\/en\/wp-json\/wp\/v2\/product\/3551","targetHints":{"allow":["GET"]}}],"collection":[{"href":"https:\/\/arhainteriors.ee\/en\/wp-json\/wp\/v2\/product"}],"about":[{"href":"https:\/\/arhainteriors.ee\/en\/wp-json\/wp\/v2\/types\/product"}],"wp:featuredmedia":[{"embeddable":true,"href":"https:\/\/arhainteriors.ee\/en\/wp-json\/wp\/v2\/media\/3552"}],"wp:attachment":[{"href":"https:\/\/arhainteriors.ee\/en\/wp-json\/wp\/v2\/media?parent=3551"}],"wp:term":[{"taxonomy":"product_brand","embeddable":true,"href":"https:\/\/arhainteriors.ee\/en\/wp-json\/wp\/v2\/product_brand?post=3551"},{"taxonomy":"product_cat","embeddable":true,"href":"https:\/\/arhainteriors.ee\/en\/wp-json\/wp\/v2\/product_cat?post=3551"},{"taxonomy":"product_tag","embeddable":true,"href":"https:\/\/arhainteriors.ee\/en\/wp-json\/wp\/v2\/product_tag?post=3551"}],"curies":[{"name":"wp","href":"https:\/\/api.w.org\/{rel}","templated":true}]}}