{"id":3549,"date":"2023-12-14T18:01:56","date_gmt":"2023-12-14T18:01:56","guid":{"rendered":"https:\/\/arhainteriors.ee\/?post_type=product&#038;p=3549"},"modified":"2024-01-31T17:29:14","modified_gmt":"2024-01-31T17:29:14","slug":"drum-diivanilaud-2","status":"publish","type":"product","link":"https:\/\/arhainteriors.ee\/en\/toode\/drum-diivanilaud-2\/","title":{"rendered":"Drum Diivanilaud"},"content":{"rendered":"","protected":false},"excerpt":{"rendered":"<p id=\"tw-target-text\" class=\"tw-data-text tw-text-large tw-ta\" dir=\"ltr\" data-placeholder=\"T\u00f5lge\" data-ved=\"2ahUKEwjuxbqEwY-DAxWcgP0HHXffC7YQ3ewLegQIBRAQ\"><span class=\"Y2IQFc\" lang=\"et\">Drum<\/span><\/p>\n<p class=\"tw-data-text tw-text-large tw-ta\" dir=\"ltr\" data-placeholder=\"T\u00f5lge\" data-ved=\"2ahUKEwjuxbqEwY-DAxWcgP0HHXffC7YQ3ewLegQIBRAQ\"><span class=\"Y2IQFc\" lang=\"et\">Disainitud elegantset lihtsust silmas pidades kauakestvate materjalidega, mis sulanduvad sujuvalt igasse interj\u00f6\u00f6ri. \u00d5rn terasraam on visuaalselt kontrastiks travertiinist lauaplaadiga, m\u00f5lemad on \u00fchendatud pehmes kreemjas toonis. Kasutage vaaside, taimede, lambi v\u00f5i skulptuuriobjekti kuvamiseks, et lisada ruumile koheselt kureeritud tunne. Disainitud Saksa disainistuudio kaschkasch poolt. <\/span><\/p>\n<ul>\n<li><span class=\"Y2IQFc\" lang=\"et\">Korraldage oma ruumi elegantsete pjedestaalidega <\/span><\/li>\n<li><span class=\"Y2IQFc\" lang=\"et\">Saadaval kahes suuruses <\/span><\/li>\n<li><span class=\"Y2IQFc\" lang=\"et\">Minimalistlik disain luksuslikest materjalidest<\/span><\/li>\n<\/ul>\n","protected":false},"featured_media":3550,"template":"","meta":{"_gspb_post_css":""},"product_brand":[265],"product_cat":[174,158],"product_tag":[],"class_list":{"0":"post-3549","1":"product","2":"type-product","3":"status-publish","4":"has-post-thumbnail","6":"product_brand-bolia","7":"product_cat-diivanilauad","8":"product_cat-tugitoolid","10":"first","11":"instock","12":"taxable","13":"shipping-taxable","14":"purchasable","15":"product-type-simple"},"ct_brands":[{"id":265,"name":"Bolia","slug":"bolia"}],"_links":{"self":[{"href":"https:\/\/arhainteriors.ee\/en\/wp-json\/wp\/v2\/product\/3549","targetHints":{"allow":["GET"]}}],"collection":[{"href":"https:\/\/arhainteriors.ee\/en\/wp-json\/wp\/v2\/product"}],"about":[{"href":"https:\/\/arhainteriors.ee\/en\/wp-json\/wp\/v2\/types\/product"}],"wp:featuredmedia":[{"embeddable":true,"href":"https:\/\/arhainteriors.ee\/en\/wp-json\/wp\/v2\/media\/3550"}],"wp:attachment":[{"href":"https:\/\/arhainteriors.ee\/en\/wp-json\/wp\/v2\/media?parent=3549"}],"wp:term":[{"taxonomy":"product_brand","embeddable":true,"href":"https:\/\/arhainteriors.ee\/en\/wp-json\/wp\/v2\/product_brand?post=3549"},{"taxonomy":"product_cat","embeddable":true,"href":"https:\/\/arhainteriors.ee\/en\/wp-json\/wp\/v2\/product_cat?post=3549"},{"taxonomy":"product_tag","embeddable":true,"href":"https:\/\/arhainteriors.ee\/en\/wp-json\/wp\/v2\/product_tag?post=3549"}],"curies":[{"name":"wp","href":"https:\/\/api.w.org\/{rel}","templated":true}]}}