{"id":3534,"date":"2023-12-14T14:40:44","date_gmt":"2023-12-14T14:40:44","guid":{"rendered":"https:\/\/arhainteriors.ee\/?post_type=product&#038;p=3534"},"modified":"2024-01-31T17:29:14","modified_gmt":"2024-01-31T17:29:14","slug":"latch-diivanilaud","status":"publish","type":"product","link":"https:\/\/arhainteriors.ee\/en\/toode\/latch-diivanilaud\/","title":{"rendered":"Latch Diivanilaud"},"content":{"rendered":"","protected":false},"excerpt":{"rendered":"<p id=\"tw-target-text\" class=\"tw-data-text tw-text-large tw-ta\" dir=\"ltr\" data-placeholder=\"T\u00f5lge\" data-ved=\"2ahUKEwj81JLw8o6DAxX7gf0HHfRQDLIQ3ewLegQIBRAQ\"><span class=\"Y2IQFc\" lang=\"et\">Riiv <\/span><\/p>\n<p class=\"tw-data-text tw-text-large tw-ta\" dir=\"ltr\" data-placeholder=\"T\u00f5lge\" data-ved=\"2ahUKEwj81JLw8o6DAxX7gf0HHfRQDLIQ3ewLegQIBRAQ\"><span class=\"Y2IQFc\" lang=\"et\">2017. aastal osales Singapuris asuv Dazingfeelsgood Bolia disainiauhindade jagamisel. Noortel disaineritel oli unistus meisterdada m\u00f6\u00f6bliese, mille ilu seisneb selle ebakorrap\u00e4rasuses. Nende j\u00f5upingutuste tulemuseks oli Latch \u2013 FSC\u00ae-sertifikaadiga t\u00e4istammest valmistatud skulptuurne kohvilaudade sari, millel on erinevad kontuurid ja kus iga komponendi l\u00e4bim\u00f5\u00f5t on ainulaadne. Disain on lihtne, kuid samal ajal eksperimentaalne. <\/span><\/p>\n<ul>\n<li class=\"tw-data-text tw-text-large tw-ta\" dir=\"ltr\" data-placeholder=\"T\u00f5lge\" data-ved=\"2ahUKEwj81JLw8o6DAxX7gf0HHfRQDLIQ3ewLegQIBRAQ\"><span class=\"Y2IQFc\" lang=\"et\">FSC\u00ae sertifikaadiga t\u00e4istamme <\/span><\/li>\n<li class=\"tw-data-text tw-text-large tw-ta\" dir=\"ltr\" data-placeholder=\"T\u00f5lge\" data-ved=\"2ahUKEwj81JLw8o6DAxX7gf0HHfRQDLIQ3ewLegQIBRAQ\"><span class=\"Y2IQFc\" lang=\"et\">M\u00e4nguline disain Bolia disainiauhindade 2017 v\u00f5itja<\/span><\/li>\n<\/ul>\n","protected":false},"featured_media":3535,"template":"","meta":{"_gspb_post_css":""},"product_brand":[265],"product_cat":[174,173],"product_tag":[],"class_list":{"0":"post-3534","1":"product","2":"type-product","3":"status-publish","4":"has-post-thumbnail","6":"product_brand-bolia","7":"product_cat-diivanilauad","8":"product_cat-lauad","10":"first","11":"instock","12":"taxable","13":"shipping-taxable","14":"purchasable","15":"product-type-simple"},"ct_brands":[{"id":265,"name":"Bolia","slug":"bolia"}],"_links":{"self":[{"href":"https:\/\/arhainteriors.ee\/en\/wp-json\/wp\/v2\/product\/3534","targetHints":{"allow":["GET"]}}],"collection":[{"href":"https:\/\/arhainteriors.ee\/en\/wp-json\/wp\/v2\/product"}],"about":[{"href":"https:\/\/arhainteriors.ee\/en\/wp-json\/wp\/v2\/types\/product"}],"wp:featuredmedia":[{"embeddable":true,"href":"https:\/\/arhainteriors.ee\/en\/wp-json\/wp\/v2\/media\/3535"}],"wp:attachment":[{"href":"https:\/\/arhainteriors.ee\/en\/wp-json\/wp\/v2\/media?parent=3534"}],"wp:term":[{"taxonomy":"product_brand","embeddable":true,"href":"https:\/\/arhainteriors.ee\/en\/wp-json\/wp\/v2\/product_brand?post=3534"},{"taxonomy":"product_cat","embeddable":true,"href":"https:\/\/arhainteriors.ee\/en\/wp-json\/wp\/v2\/product_cat?post=3534"},{"taxonomy":"product_tag","embeddable":true,"href":"https:\/\/arhainteriors.ee\/en\/wp-json\/wp\/v2\/product_tag?post=3534"}],"curies":[{"name":"wp","href":"https:\/\/api.w.org\/{rel}","templated":true}]}}