{"id":3520,"date":"2023-12-14T14:26:42","date_gmt":"2023-12-14T14:26:42","guid":{"rendered":"https:\/\/arhainteriors.ee\/?post_type=product&#038;p=3520"},"modified":"2024-09-05T17:26:25","modified_gmt":"2024-09-05T17:26:25","slug":"tuk-diivanilaud-suur-35cm","status":"publish","type":"product","link":"https:\/\/arhainteriors.ee\/en\/toode\/tuk-diivanilaud-suur-35cm\/","title":{"rendered":"Tuk Diivanilaud Suur- 35cm"},"content":{"rendered":"","protected":false},"excerpt":{"rendered":"<p><strong>Toote k\u00f5rgus:<\/strong> 35 cm \u00a0<strong>Laius:\u00a0<\/strong>110 cm \u00a0<strong>S\u00fcgavus:\u00a0<\/strong>80 cm<\/p>\n<p id=\"tw-target-text\" class=\"tw-data-text tw-text-large tw-ta\" dir=\"ltr\" data-placeholder=\"T\u00f5lge\" data-ved=\"2ahUKEwj81JLw8o6DAxX7gf0HHfRQDLIQ3ewLegQIBRAQ\"><span class=\"Y2IQFc\" lang=\"et\">Tuk <\/span><\/p>\n<p class=\"tw-data-text tw-text-large tw-ta\" dir=\"ltr\" data-placeholder=\"T\u00f5lge\" data-ved=\"2ahUKEwj81JLw8o6DAxX7gf0HHfRQDLIQ3ewLegQIBRAQ\"><span class=\"Y2IQFc\" lang=\"et\">Elegantse, kuid kontrastse disainikeelega Tuk lauad lisavad teie sisekujundusele erilise ja intuitiivselt ahvatleva serva. Tuk on saadaval mitmest materjalist, n\u00e4iteks marmorist ja travertiinist, mille puitjalad keerduvad \u00fclaosas oleva metallplaadi sisse, et luua m\u00e4nguline ja elav v\u00e4limus. Elegantne segu materjalidest, mis kutsuvad pilku uurima ja kus materjalid jutustavad ka lugu rafineeritud k\u00e4sit\u00f6\u00f6st ja m\u00e4ngulistest ideedest. Tuk on saadaval ka mitme k\u00f5rgusega, mis v\u00f5imaldab kombineerida mitut lauda harmoonilise, kuid d\u00fcnaamilise mulje saamiseks. <\/span><\/p>\n<ul>\n<li class=\"tw-data-text tw-text-large tw-ta\" dir=\"ltr\" data-placeholder=\"T\u00f5lge\" data-ved=\"2ahUKEwj81JLw8o6DAxX7gf0HHfRQDLIQ3ewLegQIBRAQ\"><span class=\"Y2IQFc\" lang=\"et\">Orgaanilised, ausad materjalid <\/span><\/li>\n<li class=\"tw-data-text tw-text-large tw-ta\" dir=\"ltr\" data-placeholder=\"T\u00f5lge\" data-ved=\"2ahUKEwj81JLw8o6DAxX7gf0HHfRQDLIQ3ewLegQIBRAQ\"><span class=\"Y2IQFc\" lang=\"et\">Kontrastne ja elegantne <\/span><\/li>\n<li class=\"tw-data-text tw-text-large tw-ta\" dir=\"ltr\" data-placeholder=\"T\u00f5lge\" data-ved=\"2ahUKEwj81JLw8o6DAxX7gf0HHfRQDLIQ3ewLegQIBRAQ\"><span class=\"Y2IQFc\" lang=\"et\">M\u00e4nguline disainikeel<\/span><\/li>\n<\/ul>\n","protected":false},"featured_media":3521,"template":"","meta":{"_gspb_post_css":""},"product_brand":[265],"product_cat":[174,173],"product_tag":[],"class_list":{"0":"post-3520","1":"product","2":"type-product","3":"status-publish","4":"has-post-thumbnail","6":"product_brand-bolia","7":"product_cat-diivanilauad","8":"product_cat-lauad","10":"first","11":"instock","12":"taxable","13":"shipping-taxable","14":"purchasable","15":"product-type-simple"},"ct_brands":[{"id":265,"name":"Bolia","slug":"bolia"}],"_links":{"self":[{"href":"https:\/\/arhainteriors.ee\/en\/wp-json\/wp\/v2\/product\/3520","targetHints":{"allow":["GET"]}}],"collection":[{"href":"https:\/\/arhainteriors.ee\/en\/wp-json\/wp\/v2\/product"}],"about":[{"href":"https:\/\/arhainteriors.ee\/en\/wp-json\/wp\/v2\/types\/product"}],"wp:featuredmedia":[{"embeddable":true,"href":"https:\/\/arhainteriors.ee\/en\/wp-json\/wp\/v2\/media\/3521"}],"wp:attachment":[{"href":"https:\/\/arhainteriors.ee\/en\/wp-json\/wp\/v2\/media?parent=3520"}],"wp:term":[{"taxonomy":"product_brand","embeddable":true,"href":"https:\/\/arhainteriors.ee\/en\/wp-json\/wp\/v2\/product_brand?post=3520"},{"taxonomy":"product_cat","embeddable":true,"href":"https:\/\/arhainteriors.ee\/en\/wp-json\/wp\/v2\/product_cat?post=3520"},{"taxonomy":"product_tag","embeddable":true,"href":"https:\/\/arhainteriors.ee\/en\/wp-json\/wp\/v2\/product_tag?post=3520"}],"curies":[{"name":"wp","href":"https:\/\/api.w.org\/{rel}","templated":true}]}}