{"id":3481,"date":"2023-12-14T13:35:21","date_gmt":"2023-12-14T13:35:21","guid":{"rendered":"https:\/\/arhainteriors.ee\/?post_type=product&#038;p=3481"},"modified":"2024-09-05T17:04:29","modified_gmt":"2024-09-05T17:04:29","slug":"palm-tugitool","status":"publish","type":"product","link":"https:\/\/arhainteriors.ee\/en\/toode\/palm-tugitool\/","title":{"rendered":"Palm Tugitool"},"content":{"rendered":"","protected":false},"excerpt":{"rendered":"<p><strong>Toote k\u00f5rgus:<\/strong> 73 cm \u00a0<strong>Laius:\u00a0<\/strong>72,2 cm \u00a0<strong>S\u00fcgavus:\u00a0<\/strong>6,2 cm<\/p>\n<p id=\"tw-target-text\" class=\"tw-data-text tw-text-large tw-ta\" dir=\"ltr\" data-placeholder=\"T\u00f5lge\" data-ved=\"2ahUKEwj81JLw8o6DAxX7gf0HHfRQDLIQ3ewLegQIBRAQ\"><span class=\"Y2IQFc\" lang=\"et\">Palm <\/span><\/p>\n<p class=\"tw-data-text tw-text-large tw-ta\" dir=\"ltr\" data-placeholder=\"T\u00f5lge\" data-ved=\"2ahUKEwj81JLw8o6DAxX7gf0HHfRQDLIQ3ewLegQIBRAQ\"><span class=\"Y2IQFc\" lang=\"et\">Palmi disainerid \u2013 kaunite ja mugavate toolide sari, mis tasakaalustavad elegantselt mugavuse, funktsiooni ja disaini. Palm on paljudes vormides, pindade, v\u00e4rvide ja vormingutes; terasest aluspinnaga, naturaalsest FSC-sertifikaadiga puidust, polstriga v\u00f5i ilma, virnastatava versioonina, mis \u00fchendab kunsti, disaini ja funktsiooni ning kauni ja kindla konstantina kontorinurgale. K\u00f5ik versioonid on loodud silmas pidades kauneid detaile, mis muudavad tooli nii funktsionaalseks kui ka hingematvaks. Viltused jalad koos suurep\u00e4rase viimistlusega tagavad, et teie Palm tool suudab kanda nii v\u00e4ikeseid kui ka suuri kogemusi kogu elu jooksul. <\/span><\/p>\n<ul>\n<li class=\"tw-data-text tw-text-large tw-ta\" dir=\"ltr\" data-placeholder=\"T\u00f5lge\" data-ved=\"2ahUKEwj81JLw8o6DAxX7gf0HHfRQDLIQ3ewLegQIBRAQ\"><span class=\"Y2IQFc\" lang=\"et\">Puhtad jooned <\/span><\/li>\n<li class=\"tw-data-text tw-text-large tw-ta\" dir=\"ltr\" data-placeholder=\"T\u00f5lge\" data-ved=\"2ahUKEwj81JLw8o6DAxX7gf0HHfRQDLIQ3ewLegQIBRAQ\"><span class=\"Y2IQFc\" lang=\"et\">Kaldus jalad t\u00e4iendava stabiilsuse tagamiseks <\/span><\/li>\n<li class=\"tw-data-text tw-text-large tw-ta\" dir=\"ltr\" data-placeholder=\"T\u00f5lge\" data-ved=\"2ahUKEwj81JLw8o6DAxX7gf0HHfRQDLIQ3ewLegQIBRAQ\"><span class=\"Y2IQFc\" lang=\"et\">Valmistatud FSC-sertifikaadiga puidust<\/span><\/li>\n<\/ul>\n","protected":false},"featured_media":3482,"template":"","meta":{"_gspb_post_css":""},"product_brand":[265],"product_cat":[158],"product_tag":[],"class_list":{"0":"post-3481","1":"product","2":"type-product","3":"status-publish","4":"has-post-thumbnail","6":"product_brand-bolia","7":"product_cat-tugitoolid","9":"first","10":"instock","11":"taxable","12":"shipping-taxable","13":"purchasable","14":"product-type-simple"},"ct_brands":[{"id":265,"name":"Bolia","slug":"bolia"}],"_links":{"self":[{"href":"https:\/\/arhainteriors.ee\/en\/wp-json\/wp\/v2\/product\/3481","targetHints":{"allow":["GET"]}}],"collection":[{"href":"https:\/\/arhainteriors.ee\/en\/wp-json\/wp\/v2\/product"}],"about":[{"href":"https:\/\/arhainteriors.ee\/en\/wp-json\/wp\/v2\/types\/product"}],"wp:featuredmedia":[{"embeddable":true,"href":"https:\/\/arhainteriors.ee\/en\/wp-json\/wp\/v2\/media\/3482"}],"wp:attachment":[{"href":"https:\/\/arhainteriors.ee\/en\/wp-json\/wp\/v2\/media?parent=3481"}],"wp:term":[{"taxonomy":"product_brand","embeddable":true,"href":"https:\/\/arhainteriors.ee\/en\/wp-json\/wp\/v2\/product_brand?post=3481"},{"taxonomy":"product_cat","embeddable":true,"href":"https:\/\/arhainteriors.ee\/en\/wp-json\/wp\/v2\/product_cat?post=3481"},{"taxonomy":"product_tag","embeddable":true,"href":"https:\/\/arhainteriors.ee\/en\/wp-json\/wp\/v2\/product_tag?post=3481"}],"curies":[{"name":"wp","href":"https:\/\/api.w.org\/{rel}","templated":true}]}}