{"id":3479,"date":"2023-12-14T12:32:13","date_gmt":"2023-12-14T12:32:13","guid":{"rendered":"https:\/\/arhainteriors.ee\/?post_type=product&#038;p=3479"},"modified":"2024-09-05T17:02:12","modified_gmt":"2024-09-05T17:02:12","slug":"cosh-taburett","status":"publish","type":"product","link":"https:\/\/arhainteriors.ee\/en\/toode\/cosh-taburett\/","title":{"rendered":"Cosh Taburett"},"content":{"rendered":"","protected":false},"excerpt":{"rendered":"<p><strong>Toote k\u00f5rgus:<\/strong> 39,5 cm \u00a0<strong>Laius:\u00a0<\/strong>67 cm \u00a0<strong>S\u00fcgavus:\u00a0<\/strong>62 cm<\/p>\n<p id=\"tw-target-text\" class=\"tw-data-text tw-text-large tw-ta\" dir=\"ltr\" data-placeholder=\"T\u00f5lge\" data-ved=\"2ahUKEwj81JLw8o6DAxX7gf0HHfRQDLIQ3ewLegQIBRAQ\"><span class=\"Y2IQFc\" lang=\"et\">Cosh <\/span><\/p>\n<p class=\"tw-data-text tw-text-large tw-ta\" dir=\"ltr\" data-placeholder=\"T\u00f5lge\" data-ved=\"2ahUKEwj81JLw8o6DAxX7gf0HHfRQDLIQ3ewLegQIBRAQ\"><span class=\"Y2IQFc\" lang=\"et\">Oma rafineeritud, geomeetriliste joonte ja pehmete orgaaniliste vormidega on Coshi tugitool ikooniline lisa igasse ruumi. Cosh on valmistatud tugevast ja j\u00e4tkusuutlikust puidust ning tool on vormitud, et pikendada disaini kasutusiga. Tugitool on disainitud kolme erineva k\u00f5rgusega; madalast lamamistoolist mugava tugitoolini koos integreeritud peatoega. Olenemata variandist, Coshi m\u00e4nguline, kuid stiilne disain muudab selle pilkup\u00fc\u00fcdvaks m\u00f6\u00f6bliesemeks.<\/span><\/p>\n","protected":false},"featured_media":3480,"template":"","meta":{"_gspb_post_css":""},"product_brand":[265],"product_cat":[158],"product_tag":[171,170],"class_list":{"0":"post-3479","1":"product","2":"type-product","3":"status-publish","4":"has-post-thumbnail","6":"product_brand-bolia","7":"product_cat-tugitoolid","8":"product_tag-taburett","9":"product_tag-toolid","11":"first","12":"instock","13":"taxable","14":"shipping-taxable","15":"purchasable","16":"product-type-simple"},"ct_brands":[{"id":265,"name":"Bolia","slug":"bolia"}],"_links":{"self":[{"href":"https:\/\/arhainteriors.ee\/en\/wp-json\/wp\/v2\/product\/3479","targetHints":{"allow":["GET"]}}],"collection":[{"href":"https:\/\/arhainteriors.ee\/en\/wp-json\/wp\/v2\/product"}],"about":[{"href":"https:\/\/arhainteriors.ee\/en\/wp-json\/wp\/v2\/types\/product"}],"wp:featuredmedia":[{"embeddable":true,"href":"https:\/\/arhainteriors.ee\/en\/wp-json\/wp\/v2\/media\/3480"}],"wp:attachment":[{"href":"https:\/\/arhainteriors.ee\/en\/wp-json\/wp\/v2\/media?parent=3479"}],"wp:term":[{"taxonomy":"product_brand","embeddable":true,"href":"https:\/\/arhainteriors.ee\/en\/wp-json\/wp\/v2\/product_brand?post=3479"},{"taxonomy":"product_cat","embeddable":true,"href":"https:\/\/arhainteriors.ee\/en\/wp-json\/wp\/v2\/product_cat?post=3479"},{"taxonomy":"product_tag","embeddable":true,"href":"https:\/\/arhainteriors.ee\/en\/wp-json\/wp\/v2\/product_tag?post=3479"}],"curies":[{"name":"wp","href":"https:\/\/api.w.org\/{rel}","templated":true}]}}