{"id":3470,"date":"2023-12-14T12:27:44","date_gmt":"2023-12-14T12:27:44","guid":{"rendered":"https:\/\/arhainteriors.ee\/?post_type=product&#038;p=3470"},"modified":"2024-09-05T16:57:06","modified_gmt":"2024-09-05T16:57:06","slug":"saga-taburett","status":"publish","type":"product","link":"https:\/\/arhainteriors.ee\/en\/toode\/saga-taburett\/","title":{"rendered":"Saga Taburett"},"content":{"rendered":"","protected":false},"excerpt":{"rendered":"<p><strong>Toote k\u00f5rgus:<\/strong> 43 cm \u00a0<strong>Laius:\u00a0<\/strong>56 cm \u00a0<strong>S\u00fcgavus:\u00a0<\/strong>38 cm<\/p>\n<p id=\"tw-target-text\" class=\"tw-data-text tw-text-large tw-ta\" dir=\"ltr\" data-placeholder=\"T\u00f5lge\" data-ved=\"2ahUKEwj81JLw8o6DAxX7gf0HHfRQDLIQ3ewLegQIBRAQ\"><span class=\"Y2IQFc\" lang=\"et\">Saga <\/span><\/p>\n<p class=\"tw-data-text tw-text-large tw-ta\" dir=\"ltr\" data-placeholder=\"T\u00f5lge\" data-ved=\"2ahUKEwj81JLw8o6DAxX7gf0HHfRQDLIQ3ewLegQIBRAQ\"><span class=\"Y2IQFc\" lang=\"et\">Kujutage ette tugitooli, kus tunnid kaovad hetkega. Kus erakordne mugavus tekitab soovi tooli endale j\u00e4tta. See on t\u00e4pselt see, mida Saaga seeria teeb. Ja veel. Taani disainiduo Anna &amp; Signe disainitud Saga on unikaalse mugavuse sulam, millele viitab kutsuv vormitud kuju, mis tagab ka istmepatjade ja seljatoe kuju s\u00e4ilitamise l\u00e4bi aastate. Saga on saadaval ka mitmes suuruses, koos sobiva jalatallaga, aga ka p\u00f6\u00f6ratava tagastusfunktsiooniga, kus viimane tagab, et Saga leiab \u00fche graatsilise liigutusega tagasi tee ruumis oma algsele kohale. <\/span><\/p>\n<ul>\n<li class=\"tw-data-text tw-text-large tw-ta\" dir=\"ltr\" data-placeholder=\"T\u00f5lge\" data-ved=\"2ahUKEwj81JLw8o6DAxX7gf0HHfRQDLIQ3ewLegQIBRAQ\"><span class=\"Y2IQFc\" lang=\"et\">Mugavus <\/span><\/li>\n<li class=\"tw-data-text tw-text-large tw-ta\" dir=\"ltr\" data-placeholder=\"T\u00f5lge\" data-ved=\"2ahUKEwj81JLw8o6DAxX7gf0HHfRQDLIQ3ewLegQIBRAQ\"><span class=\"Y2IQFc\" lang=\"et\">Taani disain<\/span><\/li>\n<\/ul>\n","protected":false},"featured_media":3473,"template":"","meta":{"_gspb_post_css":""},"product_brand":[265],"product_cat":[158],"product_tag":[171,170],"class_list":{"0":"post-3470","1":"product","2":"type-product","3":"status-publish","4":"has-post-thumbnail","6":"product_brand-bolia","7":"product_cat-tugitoolid","8":"product_tag-taburett","9":"product_tag-toolid","11":"first","12":"instock","13":"taxable","14":"shipping-taxable","15":"purchasable","16":"product-type-simple"},"ct_brands":[{"id":265,"name":"Bolia","slug":"bolia"}],"_links":{"self":[{"href":"https:\/\/arhainteriors.ee\/en\/wp-json\/wp\/v2\/product\/3470","targetHints":{"allow":["GET"]}}],"collection":[{"href":"https:\/\/arhainteriors.ee\/en\/wp-json\/wp\/v2\/product"}],"about":[{"href":"https:\/\/arhainteriors.ee\/en\/wp-json\/wp\/v2\/types\/product"}],"wp:featuredmedia":[{"embeddable":true,"href":"https:\/\/arhainteriors.ee\/en\/wp-json\/wp\/v2\/media\/3473"}],"wp:attachment":[{"href":"https:\/\/arhainteriors.ee\/en\/wp-json\/wp\/v2\/media?parent=3470"}],"wp:term":[{"taxonomy":"product_brand","embeddable":true,"href":"https:\/\/arhainteriors.ee\/en\/wp-json\/wp\/v2\/product_brand?post=3470"},{"taxonomy":"product_cat","embeddable":true,"href":"https:\/\/arhainteriors.ee\/en\/wp-json\/wp\/v2\/product_cat?post=3470"},{"taxonomy":"product_tag","embeddable":true,"href":"https:\/\/arhainteriors.ee\/en\/wp-json\/wp\/v2\/product_tag?post=3470"}],"curies":[{"name":"wp","href":"https:\/\/api.w.org\/{rel}","templated":true}]}}