{"id":3461,"date":"2023-12-14T12:21:56","date_gmt":"2023-12-14T12:21:56","guid":{"rendered":"https:\/\/arhainteriors.ee\/?post_type=product&#038;p=3461"},"modified":"2024-09-05T16:51:37","modified_gmt":"2024-09-05T16:51:37","slug":"fuuga-tugitool","status":"publish","type":"product","link":"https:\/\/arhainteriors.ee\/en\/toode\/fuuga-tugitool\/","title":{"rendered":"Fuuga Tugitool"},"content":{"rendered":"","protected":false},"excerpt":{"rendered":"<p><strong>Toote k\u00f5rgus:<\/strong> 86 cm \u00a0<strong>Laius: <\/strong>92 cm \u00a0<strong>S\u00fcgavus:\u00a0<\/strong>80 cm<\/p>\n<p class=\"tw-data-text tw-text-large tw-ta\" dir=\"ltr\" data-placeholder=\"T\u00f5lge\" data-ved=\"2ahUKEwj81JLw8o6DAxX7gf0HHfRQDLIQ3ewLegQIBRAQ\"><span class=\"Y2IQFc\" lang=\"et\">Fuuga on Busetti Garuti Redaelli disainitud diivanite ja tugitoolide sari. Seeriasse kuulub ka k\u00f5rgema seljatoega ja m\u00fcra v\u00e4hendavate omadustega versioon nimega Nesting Armchair, mis tagab meelerahu, keelek\u00fcmbluse ja v\u00e4he h\u00e4ireid. K\u00f5ikidel disainidel on sama \u00fcmar seljaosa, kus k\u00e4etoed on viltu, andes disainile oman\u00e4olise ja kauni ilme. Fuuga on valmistatud FSC-sertifikaadiga puidust ning p\u00f5hja traditsioonilist puidust meisterlikkust r\u00f5hutavad k\u00e4sitsi valmistatud detailid ja autentsed materjalid, mis t\u00e4iustavad disainikogemust. <\/span><\/p>\n<ul>\n<li class=\"tw-data-text tw-text-large tw-ta\" dir=\"ltr\" data-placeholder=\"T\u00f5lge\" data-ved=\"2ahUKEwj81JLw8o6DAxX7gf0HHfRQDLIQ3ewLegQIBRAQ\"><span class=\"Y2IQFc\" lang=\"et\">Alusel k\u00e4sit\u00f6\u00f6na valminud detailid <\/span><\/li>\n<li class=\"tw-data-text tw-text-large tw-ta\" dir=\"ltr\" data-placeholder=\"T\u00f5lge\" data-ved=\"2ahUKEwj81JLw8o6DAxX7gf0HHfRQDLIQ3ewLegQIBRAQ\"><span class=\"Y2IQFc\" lang=\"et\">Pehme ja kutsuv disainikeel <\/span><\/li>\n<li class=\"tw-data-text tw-text-large tw-ta\" dir=\"ltr\" data-placeholder=\"T\u00f5lge\" data-ved=\"2ahUKEwj81JLw8o6DAxX7gf0HHfRQDLIQ3ewLegQIBRAQ\"><span class=\"Y2IQFc\" lang=\"et\">Pehme ja elegantne disain<\/span><\/li>\n<\/ul>\n<p>Lae alla dokumendid:<\/p>\n<p data-wp-editing=\"1\"><a href=\"https:\/\/arhainteriors.ee\/wp-content\/uploads\/2024\/07\/02-124-01_1675076-fact-sheet.pdf\"><img loading=\"lazy\" decoding=\"async\" class=\"alignnone wp-image-5772\" src=\"https:\/\/arhainteriors.ee\/wp-content\/uploads\/2023\/12\/icons8-pdf-50.png\" alt=\"\" width=\"23\" height=\"23\" \/> Tooteinfo<\/a> \u00a0<a href=\"https:\/\/arhainteriors.ee\/wp-content\/uploads\/2024\/07\/02-124-01_1675076-fact-sheet.pdf\"><img loading=\"lazy\" decoding=\"async\" class=\"alignnone wp-image-5772\" src=\"https:\/\/arhainteriors.ee\/wp-content\/uploads\/2023\/12\/icons8-pdf-50.png\" alt=\"\" width=\"23\" height=\"23\" \/> Montaa\u017eijuhend<\/a><\/p>\n","protected":false},"featured_media":3462,"template":"","meta":{"_gspb_post_css":""},"product_brand":[265],"product_cat":[158],"product_tag":[170,169],"class_list":{"0":"post-3461","1":"product","2":"type-product","3":"status-publish","4":"has-post-thumbnail","6":"product_brand-bolia","7":"product_cat-tugitoolid","8":"product_tag-toolid","9":"product_tag-tugitoolid","11":"first","12":"instock","13":"taxable","14":"shipping-taxable","15":"purchasable","16":"product-type-simple"},"ct_brands":[{"id":265,"name":"Bolia","slug":"bolia"}],"_links":{"self":[{"href":"https:\/\/arhainteriors.ee\/en\/wp-json\/wp\/v2\/product\/3461","targetHints":{"allow":["GET"]}}],"collection":[{"href":"https:\/\/arhainteriors.ee\/en\/wp-json\/wp\/v2\/product"}],"about":[{"href":"https:\/\/arhainteriors.ee\/en\/wp-json\/wp\/v2\/types\/product"}],"wp:featuredmedia":[{"embeddable":true,"href":"https:\/\/arhainteriors.ee\/en\/wp-json\/wp\/v2\/media\/3462"}],"wp:attachment":[{"href":"https:\/\/arhainteriors.ee\/en\/wp-json\/wp\/v2\/media?parent=3461"}],"wp:term":[{"taxonomy":"product_brand","embeddable":true,"href":"https:\/\/arhainteriors.ee\/en\/wp-json\/wp\/v2\/product_brand?post=3461"},{"taxonomy":"product_cat","embeddable":true,"href":"https:\/\/arhainteriors.ee\/en\/wp-json\/wp\/v2\/product_cat?post=3461"},{"taxonomy":"product_tag","embeddable":true,"href":"https:\/\/arhainteriors.ee\/en\/wp-json\/wp\/v2\/product_tag?post=3461"}],"curies":[{"name":"wp","href":"https:\/\/api.w.org\/{rel}","templated":true}]}}