{"id":3456,"date":"2023-12-14T12:18:48","date_gmt":"2023-12-14T12:18:48","guid":{"rendered":"https:\/\/arhainteriors.ee\/?post_type=product&#038;p=3456"},"modified":"2024-09-05T16:45:04","modified_gmt":"2024-09-05T16:45:04","slug":"soul-tugitool","status":"publish","type":"product","link":"https:\/\/arhainteriors.ee\/en\/toode\/soul-tugitool\/","title":{"rendered":"Soul Tugitool"},"content":{"rendered":"","protected":false},"excerpt":{"rendered":"<p dir=\"ltr\" data-placeholder=\"T\u00f5lge\" data-ved=\"2ahUKEwj81JLw8o6DAxX7gf0HHfRQDLIQ3ewLegQIBRAQ\"><strong>Toote k\u00f5rgus:<\/strong> 73 cm \u00a0<strong>Laius:\u00a0<\/strong>71 cm \u00a0<strong>S\u00fcgavus:\u00a0<\/strong>74 cm<\/p>\n<p id=\"tw-target-text\" class=\"tw-data-text tw-text-large tw-ta\" dir=\"ltr\" data-placeholder=\"T\u00f5lge\" data-ved=\"2ahUKEwj81JLw8o6DAxX7gf0HHfRQDLIQ3ewLegQIBRAQ\"><span class=\"Y2IQFc\" lang=\"et\">Soul<\/span><span class=\"Y2IQFc\" lang=\"et\"> \u00a0<\/span><\/p>\n<p class=\"tw-data-text tw-text-large tw-ta\" dir=\"ltr\" data-placeholder=\"T\u00f5lge\" data-ved=\"2ahUKEwj81JLw8o6DAxX7gf0HHfRQDLIQ3ewLegQIBRAQ\"><span class=\"Y2IQFc\" lang=\"et\">Soul on klassikalise disaini kehastus \u2013 selline disain, mis aja jooksul lihtsalt muutub kaunimaks ja sisaldab t\u00f5elist p\u00e4randipotentsiaali. Soliidsest, kuid detailirohkest konstruktsioonist \u00f5hkub pidurdamatut elegantsi. Tuntud Saksa disainiduo Hertel &amp; Klarhoefer on hoolikalt l\u00e4bim\u00f5eldud disainidetailidega loonud kaasaegse disainiklassika. Eemaldatav iste on valmistatud parimast teralisest nahast ja j\u00e4tkusuutlikul tammepuidust raamil on ideaalse mugavuse tagamiseks t\u00e4iuslikult kumerad k\u00e4etoed. Kutsudes teid sellest k\u00f5igest l\u00fchikeseks taanduma, Souli tugitooli peen p\u00f5hjamaise disaini ambitsioonid muudavad selle ideaalselt sobivaks igasse koju. <\/span><\/p>\n<ul>\n<li class=\"tw-data-text tw-text-large tw-ta\" dir=\"ltr\" data-placeholder=\"T\u00f5lge\" data-ved=\"2ahUKEwj81JLw8o6DAxX7gf0HHfRQDLIQ3ewLegQIBRAQ\"><span class=\"Y2IQFc\" lang=\"et\">FSC sertifikaadiga puit <\/span><\/li>\n<li class=\"tw-data-text tw-text-large tw-ta\" dir=\"ltr\" data-placeholder=\"T\u00f5lge\" data-ved=\"2ahUKEwj81JLw8o6DAxX7gf0HHfRQDLIQ3ewLegQIBRAQ\"><span class=\"Y2IQFc\" lang=\"et\">T\u00e4isnahkne <\/span><\/li>\n<li class=\"tw-data-text tw-text-large tw-ta\" dir=\"ltr\" data-placeholder=\"T\u00f5lge\" data-ved=\"2ahUKEwj81JLw8o6DAxX7gf0HHfRQDLIQ3ewLegQIBRAQ\"><span class=\"Y2IQFc\" lang=\"et\">Klassikaline disain<\/span><\/li>\n<\/ul>\n","protected":false},"featured_media":3457,"template":"","meta":{"_gspb_post_css":""},"product_brand":[265],"product_cat":[158],"product_tag":[],"class_list":{"0":"post-3456","1":"product","2":"type-product","3":"status-publish","4":"has-post-thumbnail","6":"product_brand-bolia","7":"product_cat-tugitoolid","9":"first","10":"instock","11":"taxable","12":"shipping-taxable","13":"purchasable","14":"product-type-simple"},"ct_brands":[{"id":265,"name":"Bolia","slug":"bolia"}],"_links":{"self":[{"href":"https:\/\/arhainteriors.ee\/en\/wp-json\/wp\/v2\/product\/3456","targetHints":{"allow":["GET"]}}],"collection":[{"href":"https:\/\/arhainteriors.ee\/en\/wp-json\/wp\/v2\/product"}],"about":[{"href":"https:\/\/arhainteriors.ee\/en\/wp-json\/wp\/v2\/types\/product"}],"wp:featuredmedia":[{"embeddable":true,"href":"https:\/\/arhainteriors.ee\/en\/wp-json\/wp\/v2\/media\/3457"}],"wp:attachment":[{"href":"https:\/\/arhainteriors.ee\/en\/wp-json\/wp\/v2\/media?parent=3456"}],"wp:term":[{"taxonomy":"product_brand","embeddable":true,"href":"https:\/\/arhainteriors.ee\/en\/wp-json\/wp\/v2\/product_brand?post=3456"},{"taxonomy":"product_cat","embeddable":true,"href":"https:\/\/arhainteriors.ee\/en\/wp-json\/wp\/v2\/product_cat?post=3456"},{"taxonomy":"product_tag","embeddable":true,"href":"https:\/\/arhainteriors.ee\/en\/wp-json\/wp\/v2\/product_tag?post=3456"}],"curies":[{"name":"wp","href":"https:\/\/api.w.org\/{rel}","templated":true}]}}