{"id":3452,"date":"2023-12-14T12:16:06","date_gmt":"2023-12-14T12:16:06","guid":{"rendered":"https:\/\/arhainteriors.ee\/?post_type=product&#038;p=3452"},"modified":"2024-01-31T17:29:15","modified_gmt":"2024-01-31T17:29:15","slug":"bowie-tugitool","status":"publish","type":"product","link":"https:\/\/arhainteriors.ee\/en\/toode\/bowie-tugitool\/","title":{"rendered":"Bowie Tugitool"},"content":{"rendered":"","protected":false},"excerpt":{"rendered":"<p id=\"tw-target-text\" class=\"tw-data-text tw-text-large tw-ta\" dir=\"ltr\" data-placeholder=\"T\u00f5lge\" data-ved=\"2ahUKEwj81JLw8o6DAxX7gf0HHfRQDLIQ3ewLegQIBRAQ\"><strong><span class=\"Y2IQFc\" lang=\"et\">Bowie <\/span><\/strong><\/p>\n<p class=\"tw-data-text tw-text-large tw-ta\" dir=\"ltr\" data-placeholder=\"T\u00f5lge\" data-ved=\"2ahUKEwj81JLw8o6DAxX7gf0HHfRQDLIQ3ewLegQIBRAQ\"><span class=\"Y2IQFc\" lang=\"et\">Disainitud Itaalia disainistuudio Skrivo poolt ja m\u00f5jutatud sajandi keskpaiga Skandinaavia disainist. Keeruline tugitool, mida iseloomustab luksuslik tammepuidust raam, mis laieneb sujuvalt jalast k\u00e4etoeks, haarates \u00f5rnalt istme \u00fcmber. K\u00e4sitsi valmistatud traditsiooniliste ja kaasaegsete puidut\u00f6\u00f6tlemistehnikate kombinatsiooniga, mis annab disainile kaasaegse esteetika. Palusist iste ja seljatugi on polsterdatud teie valitud STANDARD 100 OEKO-TEX\u00ae kangaga v\u00f5i j\u00e4lgitava nahaga. <\/span><\/p>\n<ul>\n<li class=\"tw-data-text tw-text-large tw-ta\" dir=\"ltr\" data-placeholder=\"T\u00f5lge\" data-ved=\"2ahUKEwj81JLw8o6DAxX7gf0HHfRQDLIQ3ewLegQIBRAQ\"><span class=\"Y2IQFc\" lang=\"et\">K\u00e4sit\u00f6\u00f6na valmistatud tugevast FSC\u00ae-sertifikaadiga tammest<\/span><\/li>\n<li class=\"tw-data-text tw-text-large tw-ta\" dir=\"ltr\" data-placeholder=\"T\u00f5lge\" data-ved=\"2ahUKEwj81JLw8o6DAxX7gf0HHfRQDLIQ3ewLegQIBRAQ\"><span class=\"Y2IQFc\" lang=\"et\">Mugav iste ja seljatugi polsterdatud vormitud poroloonist <\/span><\/li>\n<li class=\"tw-data-text tw-text-large tw-ta\" dir=\"ltr\" data-placeholder=\"T\u00f5lge\" data-ved=\"2ahUKEwj81JLw8o6DAxX7gf0HHfRQDLIQ3ewLegQIBRAQ\"><span class=\"Y2IQFc\" lang=\"et\">Kaasaegne l\u00e4henemine traditsioonilisele Skandinaavia disainile<\/span><\/li>\n<\/ul>\n","protected":false},"featured_media":3453,"template":"","meta":{"_gspb_post_css":""},"product_brand":[265],"product_cat":[158],"product_tag":[],"class_list":{"0":"post-3452","1":"product","2":"type-product","3":"status-publish","4":"has-post-thumbnail","6":"product_brand-bolia","7":"product_cat-tugitoolid","9":"first","10":"instock","11":"taxable","12":"shipping-taxable","13":"purchasable","14":"product-type-simple"},"ct_brands":[{"id":265,"name":"Bolia","slug":"bolia"}],"_links":{"self":[{"href":"https:\/\/arhainteriors.ee\/en\/wp-json\/wp\/v2\/product\/3452","targetHints":{"allow":["GET"]}}],"collection":[{"href":"https:\/\/arhainteriors.ee\/en\/wp-json\/wp\/v2\/product"}],"about":[{"href":"https:\/\/arhainteriors.ee\/en\/wp-json\/wp\/v2\/types\/product"}],"wp:featuredmedia":[{"embeddable":true,"href":"https:\/\/arhainteriors.ee\/en\/wp-json\/wp\/v2\/media\/3453"}],"wp:attachment":[{"href":"https:\/\/arhainteriors.ee\/en\/wp-json\/wp\/v2\/media?parent=3452"}],"wp:term":[{"taxonomy":"product_brand","embeddable":true,"href":"https:\/\/arhainteriors.ee\/en\/wp-json\/wp\/v2\/product_brand?post=3452"},{"taxonomy":"product_cat","embeddable":true,"href":"https:\/\/arhainteriors.ee\/en\/wp-json\/wp\/v2\/product_cat?post=3452"},{"taxonomy":"product_tag","embeddable":true,"href":"https:\/\/arhainteriors.ee\/en\/wp-json\/wp\/v2\/product_tag?post=3452"}],"curies":[{"name":"wp","href":"https:\/\/api.w.org\/{rel}","templated":true}]}}