{"id":3422,"date":"2023-10-22T15:35:32","date_gmt":"2023-10-22T15:35:32","guid":{"rendered":"https:\/\/arhainteriors.ee\/?post_type=product&#038;p=3422"},"modified":"2024-01-31T17:29:15","modified_gmt":"2024-01-31T17:29:15","slug":"saaga-jalamik-kureeritud-valjaanne","status":"publish","type":"product","link":"https:\/\/arhainteriors.ee\/en\/toode\/saaga-jalamik-kureeritud-valjaanne\/","title":{"rendered":"Saaga jalamik &#8211; kureeritud v\u00e4ljaanne"},"content":{"rendered":"<h2 class=\"w-2\/3 lg:w-full use-alternative-font\">Orgaaniline luksus<\/h2>\n<p>Oma luksusliku pinna ja kutsuva pehmusega stimuleerib boucl\u00e9 kangas meeli. Kootud elegantse tehnikaga, kus v\u00e4ikesed silmused on kombineeritud, et luua ainulaadne orgaaniline tekstuur ja tunne, mis iseloomustab kangast. Avastage meie kaunis valik Paza, Monza ja Vilme m\u00f6\u00f6blikangastega, mis k\u00f5ik on sertifitseeritud OEKOTEX\u00ae standardi STANDARD 100 j\u00e4rgi.<\/p>\n","protected":false},"excerpt":{"rendered":"<p class=\"leading-24px\">Saga tugitool on klassikaline p\u00f6\u00f6ratav tugitool, mis on m\u00f5eldud l\u00f5\u00f5gastavateks puhkepausideks ja mugavaks uinakuks. Kurvikad kujundid pakuvad suurep\u00e4rast ergonoomikat, mis on ideaalselt vormitud pehmesse vahtu, et toetada teie keha. Spetsiaalselt teie jaoks kohandatud kangas v\u00f5i valitud nahast.<\/p>\n<ul>\n<li class=\"leading-24px\">M\u00f5eldud l\u00f5\u00f5gastavateks pausideks ja uinakuteks<\/li>\n<li class=\"leading-24px\">Pehme vaht toetab teie keha maksimaalse mugavuse tagamiseks<\/li>\n<li class=\"leading-24px\">R\u00e4tsepat\u00f6\u00f6na valminud teie valitud kangast v\u00f5i nahast<\/li>\n<\/ul>\n","protected":false},"featured_media":3425,"template":"","meta":{"_gspb_post_css":""},"product_brand":[265],"product_cat":[159],"product_tag":[],"class_list":{"0":"post-3422","1":"product","2":"type-product","3":"status-publish","4":"has-post-thumbnail","6":"product_brand-bolia","7":"product_cat-diivantoolid","9":"first","10":"instock","11":"taxable","12":"shipping-taxable","13":"purchasable","14":"product-type-variable"},"ct_brands":[{"id":265,"name":"Bolia","slug":"bolia"}],"_links":{"self":[{"href":"https:\/\/arhainteriors.ee\/en\/wp-json\/wp\/v2\/product\/3422","targetHints":{"allow":["GET"]}}],"collection":[{"href":"https:\/\/arhainteriors.ee\/en\/wp-json\/wp\/v2\/product"}],"about":[{"href":"https:\/\/arhainteriors.ee\/en\/wp-json\/wp\/v2\/types\/product"}],"wp:featuredmedia":[{"embeddable":true,"href":"https:\/\/arhainteriors.ee\/en\/wp-json\/wp\/v2\/media\/3425"}],"wp:attachment":[{"href":"https:\/\/arhainteriors.ee\/en\/wp-json\/wp\/v2\/media?parent=3422"}],"wp:term":[{"taxonomy":"product_brand","embeddable":true,"href":"https:\/\/arhainteriors.ee\/en\/wp-json\/wp\/v2\/product_brand?post=3422"},{"taxonomy":"product_cat","embeddable":true,"href":"https:\/\/arhainteriors.ee\/en\/wp-json\/wp\/v2\/product_cat?post=3422"},{"taxonomy":"product_tag","embeddable":true,"href":"https:\/\/arhainteriors.ee\/en\/wp-json\/wp\/v2\/product_tag?post=3422"}],"curies":[{"name":"wp","href":"https:\/\/api.w.org\/{rel}","templated":true}]}}